{"id":2,"date":"2024-12-25T15:03:31","date_gmt":"2024-12-25T15:03:31","guid":{"rendered":"https:\/\/centurion-prior.rs\/?page_id=2"},"modified":"2024-12-26T18:38:58","modified_gmt":"2024-12-26T17:38:58","slug":"centurion-prior","status":"publish","type":"page","link":"https:\/\/centurion-prior.rs\/english\/","title":{"rendered":"Centurion Prior"},"content":{"rendered":"<p>Centurion Prior is a trusted partner in the global trade of military equipment and weaponry. Headquartered in Belgrade, our company combines professionalism, reliability, and discretion to provide high-quality products and services to our clients.<\/p>\n\n\n\n<h2 class=\"wp-block-heading has-text-align-center sadrzaj\" id=\"usluge\" style=\"margin-top:var(--wp--preset--spacing--40);margin-right:0;margin-bottom:var(--wp--preset--spacing--40);margin-left:0\">Specialized services<\/h2>\n\n\n\n<div class=\"wp-block-columns are-vertically-aligned-center is-layout-flex wp-container-core-columns-is-layout-3ac190da wp-block-columns-is-layout-flex\" style=\"margin-top:0;margin-bottom:0;padding-right:0;padding-left:0\">\n<div class=\"wp-block-column is-vertically-aligned-center popmake-29 has-border-color has-accent-5-border-color has-background is-layout-flow wp-container-core-column-is-layout-6c21ea7b wp-block-column-is-layout-flow\" style=\"border-width:1px;border-radius:20px;background-color:#f4f4f4;padding-top:0;padding-right:var(--wp--preset--spacing--30);padding-bottom:var(--wp--preset--spacing--30);padding-left:var(--wp--preset--spacing--30)\">\n<figure class=\"wp-block-image aligncenter size-full is-resized\"><img loading=\"lazy\" decoding=\"async\" width=\"512\" height=\"512\" src=\"https:\/\/centurion-prior.rs\/wp-content\/uploads\/2024\/12\/uvoz-izvoz.png\" alt=\"\" class=\"wp-image-195\" style=\"object-fit:cover;width:128px;height:128px\" srcset=\"https:\/\/centurion-prior.rs\/wp-content\/uploads\/2024\/12\/uvoz-izvoz.png 512w, https:\/\/centurion-prior.rs\/wp-content\/uploads\/2024\/12\/uvoz-izvoz-300x300.png 300w, https:\/\/centurion-prior.rs\/wp-content\/uploads\/2024\/12\/uvoz-izvoz-150x150.png 150w\" sizes=\"auto, (max-width: 512px) 100vw, 512px\" \/><\/figure>\n\n\n\n<h4 class=\"wp-block-heading has-text-align-center popmake-29 is-style-default has-text-color has-link-color wp-elements-983cefc0b542c525cfcad5a7ff338a09\" style=\"color:#03438a\"><span style=\"text-decoration: underline;\">Import and export<\/span><\/h4>\n<\/div>\n\n\n\n<div class=\"wp-block-column is-vertically-aligned-center popmake-34 has-border-color has-accent-5-border-color has-background is-layout-flow wp-container-core-column-is-layout-94bf3f1d wp-block-column-is-layout-flow\" style=\"border-width:1px;border-radius:20px;background-color:#f4f4f4;padding-top:0;padding-right:var(--wp--preset--spacing--30);padding-bottom:var(--wp--preset--spacing--30);padding-left:var(--wp--preset--spacing--30)\">\n<figure class=\"wp-block-image aligncenter size-full is-resized\"><img loading=\"lazy\" decoding=\"async\" width=\"512\" height=\"512\" src=\"https:\/\/centurion-prior.rs\/wp-content\/uploads\/2024\/12\/Brokerske-usluge.png\" alt=\"\" class=\"wp-image-45\" style=\"object-fit:cover;width:128px;height:128px\" srcset=\"https:\/\/centurion-prior.rs\/wp-content\/uploads\/2024\/12\/Brokerske-usluge.png 512w, https:\/\/centurion-prior.rs\/wp-content\/uploads\/2024\/12\/Brokerske-usluge-300x300.png 300w, https:\/\/centurion-prior.rs\/wp-content\/uploads\/2024\/12\/Brokerske-usluge-150x150.png 150w\" sizes=\"auto, (max-width: 512px) 100vw, 512px\" \/><\/figure>\n\n\n\n<h4 class=\"wp-block-heading has-text-align-center popmake-34 is-style-default has-text-color has-link-color wp-elements-77322ac0f3ebd6b1b29a39dfb67411d3\" style=\"color:#03438a\"><span style=\"text-decoration: underline;\">Brokerage services<\/span><\/h4>\n<\/div>\n\n\n\n<div class=\"wp-block-column is-vertically-aligned-center popmake-35 has-border-color has-accent-5-border-color has-background is-layout-flow wp-container-core-column-is-layout-64fd36a6 wp-block-column-is-layout-flow\" style=\"border-width:1px;border-radius:20px;background-color:#f4f4f4;padding-top:0;padding-right:var(--wp--preset--spacing--30);padding-bottom:var(--wp--preset--spacing--30);padding-left:var(--wp--preset--spacing--30)\">\n<figure class=\"wp-block-image aligncenter size-full is-resized\"><img loading=\"lazy\" decoding=\"async\" width=\"512\" height=\"512\" src=\"https:\/\/centurion-prior.rs\/wp-content\/uploads\/2024\/12\/Tehnicka-pomoc-1.png\" alt=\"\" class=\"wp-image-196\" style=\"object-fit:cover;width:128px;height:128px\" srcset=\"https:\/\/centurion-prior.rs\/wp-content\/uploads\/2024\/12\/Tehnicka-pomoc-1.png 512w, https:\/\/centurion-prior.rs\/wp-content\/uploads\/2024\/12\/Tehnicka-pomoc-1-300x300.png 300w, https:\/\/centurion-prior.rs\/wp-content\/uploads\/2024\/12\/Tehnicka-pomoc-1-150x150.png 150w\" sizes=\"auto, (max-width: 512px) 100vw, 512px\" \/><\/figure>\n\n\n\n<h4 class=\"wp-block-heading has-text-align-center popmake-35 is-style-default has-text-color has-link-color wp-elements-eb9f695536b7016ac4d69d631023bdca\" style=\"color:#03438a\"><span style=\"text-decoration: underline;\">Technical assistance<\/span><\/h4>\n<\/div>\n<\/div>\n\n\n\n<figure class=\"wp-block-image size-full is-resized has-custom-border wp-duotone-unset-1\"><img loading=\"lazy\" decoding=\"async\" width=\"640\" height=\"360\" src=\"https:\/\/centurion-prior.rs\/wp-content\/uploads\/2024\/12\/Viseceveni-bacaci-raketa.webp\" alt=\"\" class=\"has-border-color has-accent-5-border-color wp-image-58\" style=\"border-width:1px;border-radius:20px;width:800px\" srcset=\"https:\/\/centurion-prior.rs\/wp-content\/uploads\/2024\/12\/Viseceveni-bacaci-raketa.webp 640w, https:\/\/centurion-prior.rs\/wp-content\/uploads\/2024\/12\/Viseceveni-bacaci-raketa-300x169.webp 300w\" sizes=\"auto, (max-width: 640px) 100vw, 640px\" \/><\/figure>\n\n\n\n<h2 class=\"wp-block-heading has-text-align-center sadrzaj\" id=\"zasto\" style=\"margin-top:var(--wp--preset--spacing--40);margin-bottom:var(--wp--preset--spacing--40)\">Why Centurion Prior?<\/h2>\n\n\n\n<ul class=\"wp-block-list\">\n<li>Expertise: Our team consists of professionals with extensive experience in the defense industry.<\/li>\n\n\n\n<li>Reliability: We operate in full compliance with international laws, ensuring safety and ethical standards in all transactions.<\/li>\n\n\n\n<li>Global Network: We maintain strong relationships with leading manufacturers and distributors worldwide.<\/li>\n\n\n\n<li>Confidentiality: We guarantee discretion throughout all stages of business operations.<\/li>\n<\/ul>\n\n\n\n<figure class=\"wp-block-image aligncenter size-full is-resized has-custom-border\"><img loading=\"lazy\" decoding=\"async\" width=\"640\" height=\"360\" src=\"https:\/\/centurion-prior.rs\/wp-content\/uploads\/2024\/12\/Pustinjska-patrola.webp\" alt=\"\" class=\"has-border-color has-accent-5-border-color wp-image-60\" style=\"border-width:1px;border-radius:20px;width:800px\" srcset=\"https:\/\/centurion-prior.rs\/wp-content\/uploads\/2024\/12\/Pustinjska-patrola.webp 640w, https:\/\/centurion-prior.rs\/wp-content\/uploads\/2024\/12\/Pustinjska-patrola-300x169.webp 300w\" sizes=\"auto, (max-width: 640px) 100vw, 640px\" \/><\/figure>\n\n\n\n<h2 class=\"wp-block-heading has-text-align-center sadrzaj\" id=\"misija\">Our mission<\/h2>\n\n\n\n<p>To provide a secure path for our clients to verified and high-quality solutions in the defense industry through innovative products and services, with a particular focus on markets in Africa, the Middle East, the European Union, and the Balkans.<\/p>\n\n\n\n<p>Our goal is to connect the users of our services and business partners with renowned manufacturers from the Republic of Serbia, such as \"Jugoimport \u2013 SDPR,\" \"Milan Blagojevi\u0107 \u2013 Namenska,\" \"Prva iskra,\" \"Prvi Partizan,\" \"Sloboda,\" and \"Zastava Oru\u017eje.\"<\/p>\n\n\n\n<figure class=\"wp-block-image size-full is-resized has-custom-border\"><img loading=\"lazy\" decoding=\"async\" width=\"640\" height=\"360\" src=\"https:\/\/centurion-prior.rs\/wp-content\/uploads\/2024\/12\/Alpinisti-na-uzetu.webp\" alt=\"\" class=\"has-border-color has-accent-5-border-color wp-image-109\" style=\"border-width:1px;border-radius:20px;width:800px\" srcset=\"https:\/\/centurion-prior.rs\/wp-content\/uploads\/2024\/12\/Alpinisti-na-uzetu.webp 640w, https:\/\/centurion-prior.rs\/wp-content\/uploads\/2024\/12\/Alpinisti-na-uzetu-300x169.webp 300w\" sizes=\"auto, (max-width: 640px) 100vw, 640px\" \/><\/figure>\n\n\n\n<h2 class=\"wp-block-heading has-text-align-center sadrzaj\" id=\"klijenti\" style=\"margin-top:var(--wp--preset--spacing--40);margin-bottom:var(--wp--preset--spacing--40)\">Our clients<\/h2>\n\n\n\n<p>Centurion Prior collaborates with governments, state agencies, defense industry companies, and international organizations. Our goal is to establish long-term partnerships and deliver tailor-made solutions to meet the unique needs of every client.<\/p>\n\n\n\n<figure class=\"wp-block-image aligncenter size-full is-resized has-custom-border\"><img loading=\"lazy\" decoding=\"async\" width=\"640\" height=\"360\" src=\"https:\/\/centurion-prior.rs\/wp-content\/uploads\/2024\/12\/Ronilacka-grupa.webp\" alt=\"\" class=\"has-border-color wp-image-59\" style=\"border-color:#FBFAF3;border-width:1px;border-radius:20px;width:800px\" srcset=\"https:\/\/centurion-prior.rs\/wp-content\/uploads\/2024\/12\/Ronilacka-grupa.webp 640w, https:\/\/centurion-prior.rs\/wp-content\/uploads\/2024\/12\/Ronilacka-grupa-300x169.webp 300w\" sizes=\"auto, (max-width: 640px) 100vw, 640px\" \/><\/figure>","protected":false},"excerpt":{"rendered":"<p>Centurion Prior je pouzdani partner u oblasti me\u0111unarodne trgovine vojnom opremom i naoru\u017eanjem. Sa sedi\u0161tem u Beogradu, na\u0161a firma kombinuje profesionalnost, poverenje i diskreciju kako bismo na\u0161im klijentima obezbedili kvalitetne proizvode i usluge. Specijalizovane usluge Izvoz i uvoz naoru\u017eanja Brokerske usluge Tehni\u010dka pomo\u0107 Za\u0161to Centurion Prior? Na\u0161a misija \u017delimo da kroz inovativne proizvode i usluge [&hellip;]<\/p>","protected":false},"author":1,"featured_media":340,"parent":0,"menu_order":0,"comment_status":"closed","ping_status":"closed","template":"","meta":{"footnotes":""},"class_list":["post-2","page","type-page","status-publish","has-post-thumbnail","hentry"],"yoast_head":"<!-- This site is optimized with the Yoast SEO plugin v24.1 - https:\/\/yoast.com\/wordpress\/plugins\/seo\/ -->\n<title>Centurion Prior - Va\u0161 partner u globalnoj bezbednosti<\/title>\n<meta name=\"description\" content=\"Centurion Prior je pouzdani partner u oblasti me\u0111unarodne trgovine vojne opreme i naoru\u017eanja.\" \/>\n<meta name=\"robots\" content=\"index, follow, max-snippet:-1, max-image-preview:large, max-video-preview:-1\" \/>\n<link rel=\"canonical\" href=\"https:\/\/centurion-prior.rs\/english\/\" \/>\n<meta property=\"og:locale\" content=\"en_GB\" \/>\n<meta property=\"og:type\" content=\"article\" \/>\n<meta property=\"og:title\" content=\"Centurion Prior - Va\u0161 partner u globalnoj bezbednosti\" \/>\n<meta property=\"og:description\" content=\"Centurion Prior je pouzdani partner u oblasti me\u0111unarodne trgovine vojne opreme i naoru\u017eanja.\" \/>\n<meta property=\"og:url\" content=\"https:\/\/centurion-prior.rs\/english\/\" \/>\n<meta property=\"og:site_name\" content=\"Centurion Prior\" \/>\n<meta property=\"article:modified_time\" content=\"2024-12-26T17:38:58+00:00\" \/>\n<meta property=\"og:image\" content=\"https:\/\/centurion-prior.rs\/wp-content\/uploads\/2024\/12\/Centurion-LOGO-e1735234330473.jpg\" \/>\n\t<meta property=\"og:image:width\" content=\"890\" \/>\n\t<meta property=\"og:image:height\" content=\"890\" \/>\n\t<meta property=\"og:image:type\" content=\"image\/jpeg\" \/>\n<meta name=\"twitter:card\" content=\"summary_large_image\" \/>\n<meta name=\"twitter:label1\" content=\"Estimated reading time\" \/>\n\t<meta name=\"twitter:data1\" content=\"3 minutes\" \/>\n<script type=\"application\/ld+json\" class=\"yoast-schema-graph\">{\"@context\":\"https:\/\/schema.org\",\"@graph\":[{\"@type\":\"WebPage\",\"@id\":\"https:\/\/centurion-prior.rs\/\",\"url\":\"https:\/\/centurion-prior.rs\/\",\"name\":\"Centurion Prior - Va\u0161 partner u globalnoj bezbednosti\",\"isPartOf\":{\"@id\":\"https:\/\/centurion-prior.rs\/#website\"},\"primaryImageOfPage\":{\"@id\":\"https:\/\/centurion-prior.rs\/#primaryimage\"},\"image\":{\"@id\":\"https:\/\/centurion-prior.rs\/#primaryimage\"},\"thumbnailUrl\":\"https:\/\/centurion-prior.rs\/wp-content\/uploads\/2024\/12\/Centurion-LOGO-e1735234330473.jpg\",\"datePublished\":\"2024-12-25T15:03:31+00:00\",\"dateModified\":\"2024-12-26T17:38:58+00:00\",\"description\":\"Centurion Prior je pouzdani partner u oblasti me\u0111unarodne trgovine vojne opreme i naoru\u017eanja.\",\"breadcrumb\":{\"@id\":\"https:\/\/centurion-prior.rs\/#breadcrumb\"},\"inLanguage\":\"en-GB\",\"potentialAction\":[{\"@type\":\"ReadAction\",\"target\":[\"https:\/\/centurion-prior.rs\/\"]}]},{\"@type\":\"ImageObject\",\"inLanguage\":\"en-GB\",\"@id\":\"https:\/\/centurion-prior.rs\/#primaryimage\",\"url\":\"https:\/\/centurion-prior.rs\/wp-content\/uploads\/2024\/12\/Centurion-LOGO-e1735234330473.jpg\",\"contentUrl\":\"https:\/\/centurion-prior.rs\/wp-content\/uploads\/2024\/12\/Centurion-LOGO-e1735234330473.jpg\",\"width\":890,\"height\":890},{\"@type\":\"BreadcrumbList\",\"@id\":\"https:\/\/centurion-prior.rs\/#breadcrumb\",\"itemListElement\":[{\"@type\":\"ListItem\",\"position\":1,\"name\":\"\u041f\u043e\u0447\u0435\u0442\u043d\u0430\",\"item\":\"https:\/\/centurion-prior.rs\/\"},{\"@type\":\"ListItem\",\"position\":2,\"name\":\"Centurion Prior\"}]},{\"@type\":\"WebSite\",\"@id\":\"https:\/\/centurion-prior.rs\/#website\",\"url\":\"https:\/\/centurion-prior.rs\/\",\"name\":\"Centurion Prior\",\"description\":\"Va\u0161 partner u globalnoj bezbednosti\",\"publisher\":{\"@id\":\"https:\/\/centurion-prior.rs\/#organization\"},\"potentialAction\":[{\"@type\":\"SearchAction\",\"target\":{\"@type\":\"EntryPoint\",\"urlTemplate\":\"https:\/\/centurion-prior.rs\/?s={search_term_string}\"},\"query-input\":{\"@type\":\"PropertyValueSpecification\",\"valueRequired\":true,\"valueName\":\"search_term_string\"}}],\"inLanguage\":\"en-GB\"},{\"@type\":\"Organization\",\"@id\":\"https:\/\/centurion-prior.rs\/#organization\",\"name\":\"Centurion Prior\",\"url\":\"https:\/\/centurion-prior.rs\/\",\"logo\":{\"@type\":\"ImageObject\",\"inLanguage\":\"en-GB\",\"@id\":\"https:\/\/centurion-prior.rs\/#\/schema\/logo\/image\/\",\"url\":\"https:\/\/centurion-prior.rs\/wp-content\/uploads\/2024\/12\/Centurion-logo.png\",\"contentUrl\":\"https:\/\/centurion-prior.rs\/wp-content\/uploads\/2024\/12\/Centurion-logo.png\",\"width\":800,\"height\":366,\"caption\":\"Centurion Prior\"},\"image\":{\"@id\":\"https:\/\/centurion-prior.rs\/#\/schema\/logo\/image\/\"}}]}<\/script>\n<!-- \/ Yoast SEO plugin. -->","yoast_head_json":{"title":"Centurion Prior - Va\u0161 partner u globalnoj bezbednosti","description":"Centurion Prior je pouzdani partner u oblasti me\u0111unarodne trgovine vojne opreme i naoru\u017eanja.","robots":{"index":"index","follow":"follow","max-snippet":"max-snippet:-1","max-image-preview":"max-image-preview:large","max-video-preview":"max-video-preview:-1"},"canonical":"https:\/\/centurion-prior.rs\/english\/","og_locale":"en_GB","og_type":"article","og_title":"Centurion Prior - Va\u0161 partner u globalnoj bezbednosti","og_description":"Centurion Prior je pouzdani partner u oblasti me\u0111unarodne trgovine vojne opreme i naoru\u017eanja.","og_url":"https:\/\/centurion-prior.rs\/english\/","og_site_name":"Centurion Prior","article_modified_time":"2024-12-26T17:38:58+00:00","og_image":[{"width":890,"height":890,"url":"https:\/\/centurion-prior.rs\/wp-content\/uploads\/2024\/12\/Centurion-LOGO-e1735234330473.jpg","type":"image\/jpeg"}],"twitter_card":"summary_large_image","twitter_misc":{"Estimated reading time":"3 minutes"},"schema":{"@context":"https:\/\/schema.org","@graph":[{"@type":"WebPage","@id":"https:\/\/centurion-prior.rs\/","url":"https:\/\/centurion-prior.rs\/","name":"Centurion Prior - Va\u0161 partner u globalnoj bezbednosti","isPartOf":{"@id":"https:\/\/centurion-prior.rs\/#website"},"primaryImageOfPage":{"@id":"https:\/\/centurion-prior.rs\/#primaryimage"},"image":{"@id":"https:\/\/centurion-prior.rs\/#primaryimage"},"thumbnailUrl":"https:\/\/centurion-prior.rs\/wp-content\/uploads\/2024\/12\/Centurion-LOGO-e1735234330473.jpg","datePublished":"2024-12-25T15:03:31+00:00","dateModified":"2024-12-26T17:38:58+00:00","description":"Centurion Prior je pouzdani partner u oblasti me\u0111unarodne trgovine vojne opreme i naoru\u017eanja.","breadcrumb":{"@id":"https:\/\/centurion-prior.rs\/#breadcrumb"},"inLanguage":"en-GB","potentialAction":[{"@type":"ReadAction","target":["https:\/\/centurion-prior.rs\/"]}]},{"@type":"ImageObject","inLanguage":"en-GB","@id":"https:\/\/centurion-prior.rs\/#primaryimage","url":"https:\/\/centurion-prior.rs\/wp-content\/uploads\/2024\/12\/Centurion-LOGO-e1735234330473.jpg","contentUrl":"https:\/\/centurion-prior.rs\/wp-content\/uploads\/2024\/12\/Centurion-LOGO-e1735234330473.jpg","width":890,"height":890},{"@type":"BreadcrumbList","@id":"https:\/\/centurion-prior.rs\/#breadcrumb","itemListElement":[{"@type":"ListItem","position":1,"name":"\u041f\u043e\u0447\u0435\u0442\u043d\u0430","item":"https:\/\/centurion-prior.rs\/"},{"@type":"ListItem","position":2,"name":"Centurion Prior"}]},{"@type":"WebSite","@id":"https:\/\/centurion-prior.rs\/#website","url":"https:\/\/centurion-prior.rs\/","name":"Centurion Prior","description":"Va\u0161 partner u globalnoj bezbednosti","publisher":{"@id":"https:\/\/centurion-prior.rs\/#organization"},"potentialAction":[{"@type":"SearchAction","target":{"@type":"EntryPoint","urlTemplate":"https:\/\/centurion-prior.rs\/?s={search_term_string}"},"query-input":{"@type":"PropertyValueSpecification","valueRequired":true,"valueName":"search_term_string"}}],"inLanguage":"en-GB"},{"@type":"Organization","@id":"https:\/\/centurion-prior.rs\/#organization","name":"Centurion Prior","url":"https:\/\/centurion-prior.rs\/","logo":{"@type":"ImageObject","inLanguage":"en-GB","@id":"https:\/\/centurion-prior.rs\/#\/schema\/logo\/image\/","url":"https:\/\/centurion-prior.rs\/wp-content\/uploads\/2024\/12\/Centurion-logo.png","contentUrl":"https:\/\/centurion-prior.rs\/wp-content\/uploads\/2024\/12\/Centurion-logo.png","width":800,"height":366,"caption":"Centurion Prior"},"image":{"@id":"https:\/\/centurion-prior.rs\/#\/schema\/logo\/image\/"}}]}},"_links":{"self":[{"href":"https:\/\/centurion-prior.rs\/english\/wp-json\/wp\/v2\/pages\/2","targetHints":{"allow":["GET"]}}],"collection":[{"href":"https:\/\/centurion-prior.rs\/english\/wp-json\/wp\/v2\/pages"}],"about":[{"href":"https:\/\/centurion-prior.rs\/english\/wp-json\/wp\/v2\/types\/page"}],"author":[{"embeddable":true,"href":"https:\/\/centurion-prior.rs\/english\/wp-json\/wp\/v2\/users\/1"}],"replies":[{"embeddable":true,"href":"https:\/\/centurion-prior.rs\/english\/wp-json\/wp\/v2\/comments?post=2"}],"version-history":[{"count":48,"href":"https:\/\/centurion-prior.rs\/english\/wp-json\/wp\/v2\/pages\/2\/revisions"}],"predecessor-version":[{"id":214,"href":"https:\/\/centurion-prior.rs\/english\/wp-json\/wp\/v2\/pages\/2\/revisions\/214"}],"wp:featuredmedia":[{"embeddable":true,"href":"https:\/\/centurion-prior.rs\/english\/wp-json\/wp\/v2\/media\/340"}],"wp:attachment":[{"href":"https:\/\/centurion-prior.rs\/english\/wp-json\/wp\/v2\/media?parent=2"}],"curies":[{"name":"wp","href":"https:\/\/api.w.org\/{rel}","templated":true}]}}